{"id":52,"date":"2025-11-11T15:17:20","date_gmt":"2025-11-11T13:17:20","guid":{"rendered":"https:\/\/vetecher.jamiserveri.fi\/?page_id=52"},"modified":"2025-11-12T17:39:56","modified_gmt":"2025-11-12T15:39:56","slug":"tehtavaportfolio-sivu","status":"publish","type":"page","link":"https:\/\/vetecher.jamiserveri.fi\/","title":{"rendered":"Etusivu"},"content":{"rendered":"\t\t<div data-elementor-type=\"wp-page\" data-elementor-id=\"52\" class=\"elementor elementor-52\" data-elementor-post-type=\"page\">\n\t\t\t\t<div class=\"elementor-element elementor-element-00bd15f e-flex e-con-boxed e-con e-parent\" data-id=\"00bd15f\" data-element_type=\"container\" data-settings=\"{&quot;background_background&quot;:&quot;classic&quot;}\">\n\t\t\t\t\t<div class=\"e-con-inner\">\n\t\t\t\t<div class=\"elementor-element elementor-element-74765d2 elementor-widget elementor-widget-spacer\" data-id=\"74765d2\" data-element_type=\"widget\" data-widget_type=\"spacer.default\">\n\t\t\t\t\t\t\t<div class=\"elementor-spacer\">\n\t\t\t<div class=\"elementor-spacer-inner\"><\/div>\n\t\t<\/div>\n\t\t\t\t\t\t<\/div>\n\t\t<div class=\"elementor-element elementor-element-eeecdbc e-con-full e-flex e-con e-child\" data-id=\"eeecdbc\" data-element_type=\"container\" data-settings=\"{&quot;background_background&quot;:&quot;classic&quot;}\">\n\t\t\t\t<div class=\"elementor-element elementor-element-22eab90 elementor-widget elementor-widget-image\" data-id=\"22eab90\" data-element_type=\"widget\" data-widget_type=\"image.default\">\n\t\t\t\t\t\t\t\t\t\t\t\t\t\t\t<img fetchpriority=\"high\" decoding=\"async\" width=\"640\" height=\"640\" src=\"https:\/\/vetecher.jamiserveri.fi\/wp-content\/uploads\/2025\/11\/5197509013913336533.jpg\" class=\"attachment-medium_large size-medium_large wp-image-65\" alt=\"\" srcset=\"https:\/\/vetecher.jamiserveri.fi\/wp-content\/uploads\/2025\/11\/5197509013913336533.jpg 640w, https:\/\/vetecher.jamiserveri.fi\/wp-content\/uploads\/2025\/11\/5197509013913336533-300x300.jpg 300w, https:\/\/vetecher.jamiserveri.fi\/wp-content\/uploads\/2025\/11\/5197509013913336533-150x150.jpg 150w\" sizes=\"(max-width: 640px) 100vw, 640px\" \/>\t\t\t\t\t\t\t\t\t\t\t\t\t\t\t<\/div>\n\t\t\t\t<div class=\"elementor-element elementor-element-358b492 elementor-widget elementor-widget-heading\" data-id=\"358b492\" data-element_type=\"widget\" data-widget_type=\"heading.default\">\n\t\t\t\t\t<h1 class=\"elementor-heading-title elementor-size-default\">Teht\u00e4v\u00e4portfolio<\/h1>\t\t\t\t<\/div>\n\t\t\t\t<div class=\"elementor-element elementor-element-af999fd elementor-widget elementor-widget-heading\" data-id=\"af999fd\" data-element_type=\"widget\" data-widget_type=\"heading.default\">\n\t\t\t\t\t<h2 class=\"elementor-heading-title elementor-size-default\">Polina Cherkozianova<\/h2>\t\t\t\t<\/div>\n\t\t\t\t<div class=\"elementor-element elementor-element-73848e7 elementor-nav-menu__align-center elementor-nav-menu--dropdown-none elementor-widget elementor-widget-nav-menu\" data-id=\"73848e7\" data-element_type=\"widget\" data-settings=\"{&quot;layout&quot;:&quot;vertical&quot;,&quot;submenu_icon&quot;:{&quot;value&quot;:&quot;&lt;svg class=\\&quot;e-font-icon-svg e-fas-caret-down\\&quot; viewBox=\\&quot;0 0 320 512\\&quot; xmlns=\\&quot;http:\\\/\\\/www.w3.org\\\/2000\\\/svg\\&quot;&gt;&lt;path d=\\&quot;M31.3 192h257.3c17.8 0 26.7 21.5 14.1 34.1L174.1 354.8c-7.8 7.8-20.5 7.8-28.3 0L17.2 226.1C4.6 213.5 13.5 192 31.3 192z\\&quot;&gt;&lt;\\\/path&gt;&lt;\\\/svg&gt;&quot;,&quot;library&quot;:&quot;fa-solid&quot;}}\" data-widget_type=\"nav-menu.default\">\n\t\t\t\t\t\t\t\t<nav aria-label=\"Menu\" class=\"elementor-nav-menu--main elementor-nav-menu__container elementor-nav-menu--layout-vertical e--pointer-background e--animation-fade\">\n\t\t\t\t<ul id=\"menu-1-73848e7\" class=\"elementor-nav-menu sm-vertical\"><li class=\"menu-item menu-item-type-post_type menu-item-object-page menu-item-home menu-item-126\"><a href=\"https:\/\/vetecher.jamiserveri.fi\/\" class=\"elementor-item\">Etusivu<\/a><\/li>\n<li class=\"menu-item menu-item-type-post_type menu-item-object-page menu-item-127\"><a href=\"https:\/\/vetecher.jamiserveri.fi\/index.php\/fontit-verkkosivuilla\/\" class=\"elementor-item\">Fontit verkkosivuilla<\/a><\/li>\n<li class=\"menu-item menu-item-type-post_type menu-item-object-page menu-item-186\"><a href=\"https:\/\/vetecher.jamiserveri.fi\/index.php\/fonttityypit-ja-fontit\/\" class=\"elementor-item\">Fonttityypit ja fontit<\/a><\/li>\n<li class=\"menu-item menu-item-type-post_type menu-item-object-page menu-item-187\"><a href=\"https:\/\/vetecher.jamiserveri.fi\/index.php\/varisuunnittelu\/\" class=\"elementor-item\">V\u00e4risuunnittelu<\/a><\/li>\n<li class=\"menu-item menu-item-type-post_type menu-item-object-page menu-item-184\"><a href=\"https:\/\/vetecher.jamiserveri.fi\/index.php\/sivupohja\/\" class=\"elementor-item\">Sivupohja<\/a><\/li>\n<li class=\"menu-item menu-item-type-post_type menu-item-object-page menu-item-268\"><a href=\"https:\/\/vetecher.jamiserveri.fi\/index.php\/haasivu\/\" class=\"elementor-item\">H\u00e4\u00e4sivu<\/a><\/li>\n<li class=\"menu-item menu-item-type-post_type menu-item-object-page menu-item-533\"><a href=\"https:\/\/vetecher.jamiserveri.fi\/index.php\/euranelainlaakari\/\" class=\"elementor-item\">Euran el\u00e4inl\u00e4\u00e4k\u00e4ri<\/a><\/li>\n<li class=\"menu-item menu-item-type-post_type menu-item-object-page menu-item-532\"><a href=\"https:\/\/vetecher.jamiserveri.fi\/index.php\/jerikon-grilli\/\" class=\"elementor-item\">Jerikon Grilli<\/a><\/li>\n<\/ul>\t\t\t<\/nav>\n\t\t\t\t\t\t<nav class=\"elementor-nav-menu--dropdown elementor-nav-menu__container\" aria-hidden=\"true\">\n\t\t\t\t<ul id=\"menu-2-73848e7\" class=\"elementor-nav-menu sm-vertical\"><li class=\"menu-item menu-item-type-post_type menu-item-object-page menu-item-home menu-item-126\"><a href=\"https:\/\/vetecher.jamiserveri.fi\/\" class=\"elementor-item\" tabindex=\"-1\">Etusivu<\/a><\/li>\n<li class=\"menu-item menu-item-type-post_type menu-item-object-page menu-item-127\"><a href=\"https:\/\/vetecher.jamiserveri.fi\/index.php\/fontit-verkkosivuilla\/\" class=\"elementor-item\" tabindex=\"-1\">Fontit verkkosivuilla<\/a><\/li>\n<li class=\"menu-item menu-item-type-post_type menu-item-object-page menu-item-186\"><a href=\"https:\/\/vetecher.jamiserveri.fi\/index.php\/fonttityypit-ja-fontit\/\" class=\"elementor-item\" tabindex=\"-1\">Fonttityypit ja fontit<\/a><\/li>\n<li class=\"menu-item menu-item-type-post_type menu-item-object-page menu-item-187\"><a href=\"https:\/\/vetecher.jamiserveri.fi\/index.php\/varisuunnittelu\/\" class=\"elementor-item\" tabindex=\"-1\">V\u00e4risuunnittelu<\/a><\/li>\n<li class=\"menu-item menu-item-type-post_type menu-item-object-page menu-item-184\"><a href=\"https:\/\/vetecher.jamiserveri.fi\/index.php\/sivupohja\/\" class=\"elementor-item\" tabindex=\"-1\">Sivupohja<\/a><\/li>\n<li class=\"menu-item menu-item-type-post_type menu-item-object-page menu-item-268\"><a href=\"https:\/\/vetecher.jamiserveri.fi\/index.php\/haasivu\/\" class=\"elementor-item\" tabindex=\"-1\">H\u00e4\u00e4sivu<\/a><\/li>\n<li class=\"menu-item menu-item-type-post_type menu-item-object-page menu-item-533\"><a href=\"https:\/\/vetecher.jamiserveri.fi\/index.php\/euranelainlaakari\/\" class=\"elementor-item\" tabindex=\"-1\">Euran el\u00e4inl\u00e4\u00e4k\u00e4ri<\/a><\/li>\n<li class=\"menu-item menu-item-type-post_type menu-item-object-page menu-item-532\"><a href=\"https:\/\/vetecher.jamiserveri.fi\/index.php\/jerikon-grilli\/\" class=\"elementor-item\" tabindex=\"-1\">Jerikon Grilli<\/a><\/li>\n<\/ul>\t\t\t<\/nav>\n\t\t\t\t\t\t<\/div>\n\t\t\t\t<\/div>\n\t\t\t\t\t<\/div>\n\t\t\t\t<\/div>\n\t\t\t\t<\/div>\n\t\t","protected":false},"excerpt":{"rendered":"<p>Teht\u00e4v\u00e4portfolio Polina Cherkozianova<\/p>\n","protected":false},"author":1,"featured_media":0,"parent":0,"menu_order":0,"comment_status":"closed","ping_status":"closed","template":"elementor_canvas","meta":{"footnotes":""},"class_list":["post-52","page","type-page","status-publish","hentry"],"_links":{"self":[{"href":"https:\/\/vetecher.jamiserveri.fi\/index.php\/wp-json\/wp\/v2\/pages\/52","targetHints":{"allow":["GET"]}}],"collection":[{"href":"https:\/\/vetecher.jamiserveri.fi\/index.php\/wp-json\/wp\/v2\/pages"}],"about":[{"href":"https:\/\/vetecher.jamiserveri.fi\/index.php\/wp-json\/wp\/v2\/types\/page"}],"author":[{"embeddable":true,"href":"https:\/\/vetecher.jamiserveri.fi\/index.php\/wp-json\/wp\/v2\/users\/1"}],"replies":[{"embeddable":true,"href":"https:\/\/vetecher.jamiserveri.fi\/index.php\/wp-json\/wp\/v2\/comments?post=52"}],"version-history":[{"count":49,"href":"https:\/\/vetecher.jamiserveri.fi\/index.php\/wp-json\/wp\/v2\/pages\/52\/revisions"}],"predecessor-version":[{"id":183,"href":"https:\/\/vetecher.jamiserveri.fi\/index.php\/wp-json\/wp\/v2\/pages\/52\/revisions\/183"}],"wp:attachment":[{"href":"https:\/\/vetecher.jamiserveri.fi\/index.php\/wp-json\/wp\/v2\/media?parent=52"}],"curies":[{"name":"wp","href":"https:\/\/api.w.org\/{rel}","templated":true}]}}