{"id":364,"date":"2025-11-13T18:12:33","date_gmt":"2025-11-13T16:12:33","guid":{"rendered":"https:\/\/vetecher.jamiserveri.fi\/?page_id=364"},"modified":"2025-11-14T00:19:03","modified_gmt":"2025-11-13T22:19:03","slug":"yhteystiedot","status":"publish","type":"page","link":"https:\/\/vetecher.jamiserveri.fi\/index.php\/yhteystiedot\/","title":{"rendered":"Ysteystiedot"},"content":{"rendered":"\t\t<div data-elementor-type=\"wp-page\" data-elementor-id=\"364\" class=\"elementor elementor-364\" data-elementor-post-type=\"page\">\n\t\t\t\t<div class=\"elementor-element elementor-element-129a75e1 e-flex e-con-boxed e-con e-parent\" data-id=\"129a75e1\" data-element_type=\"container\" data-settings=\"{&quot;background_background&quot;:&quot;classic&quot;}\">\n\t\t\t\t\t<div class=\"e-con-inner\">\n\t\t<div class=\"elementor-element elementor-element-5e9edaa9 e-con-full e-flex e-con e-child\" data-id=\"5e9edaa9\" data-element_type=\"container\">\n\t\t\t\t<div class=\"elementor-element elementor-element-6ba8134 elementor-widget elementor-widget-heading\" data-id=\"6ba8134\" data-element_type=\"widget\" data-widget_type=\"heading.default\">\n\t\t\t\t\t<h1 class=\"elementor-heading-title elementor-size-default\">Euran El\u00e4inl\u00e4\u00e4k\u00e4ri<\/h1>\t\t\t\t<\/div>\n\t\t\t\t<\/div>\n\t\t<div class=\"elementor-element elementor-element-4643c09f e-con-full e-flex e-con e-child\" data-id=\"4643c09f\" data-element_type=\"container\">\n\t\t\t\t<div class=\"elementor-element elementor-element-fa979fb elementor-widget elementor-widget-text-editor\" data-id=\"fa979fb\" data-element_type=\"widget\" data-widget_type=\"text-editor.default\">\n\t\t\t\t\t\t\t\t\t<p>Eurantie 7, Eura<\/p><p>Ma-Pe klo. 8:00\u201317:00<\/p><p>Puh. 010 123 4567<\/p>\t\t\t\t\t\t\t\t<\/div>\n\t\t\t\t<\/div>\n\t\t\t\t\t<\/div>\n\t\t\t\t<\/div>\n\t\t<div class=\"elementor-element elementor-element-38d50e24 e-flex e-con-boxed e-con e-parent\" data-id=\"38d50e24\" data-element_type=\"container\" data-settings=\"{&quot;background_background&quot;:&quot;classic&quot;}\">\n\t\t\t\t\t<div class=\"e-con-inner\">\n\t\t\t\t<div class=\"elementor-element elementor-element-17b12f0c elementor-nav-menu__align-justify elementor-nav-menu--dropdown-mobile elementor-nav-menu__text-align-aside elementor-nav-menu--toggle elementor-nav-menu--burger elementor-widget elementor-widget-nav-menu\" data-id=\"17b12f0c\" data-element_type=\"widget\" data-settings=\"{&quot;layout&quot;:&quot;horizontal&quot;,&quot;submenu_icon&quot;:{&quot;value&quot;:&quot;&lt;svg class=\\&quot;e-font-icon-svg e-fas-caret-down\\&quot; viewBox=\\&quot;0 0 320 512\\&quot; xmlns=\\&quot;http:\\\/\\\/www.w3.org\\\/2000\\\/svg\\&quot;&gt;&lt;path d=\\&quot;M31.3 192h257.3c17.8 0 26.7 21.5 14.1 34.1L174.1 354.8c-7.8 7.8-20.5 7.8-28.3 0L17.2 226.1C4.6 213.5 13.5 192 31.3 192z\\&quot;&gt;&lt;\\\/path&gt;&lt;\\\/svg&gt;&quot;,&quot;library&quot;:&quot;fa-solid&quot;},&quot;toggle&quot;:&quot;burger&quot;}\" data-widget_type=\"nav-menu.default\">\n\t\t\t\t\t\t\t\t<nav aria-label=\"Menu\" class=\"elementor-nav-menu--main elementor-nav-menu__container elementor-nav-menu--layout-horizontal e--pointer-background e--animation-fade\">\n\t\t\t\t<ul id=\"menu-1-17b12f0c\" class=\"elementor-nav-menu\"><li class=\"menu-item menu-item-type-post_type menu-item-object-page menu-item-386\"><a href=\"https:\/\/vetecher.jamiserveri.fi\/index.php\/euranelainlaakari\/\" class=\"elementor-item\">Etusivu<\/a><\/li>\n<li class=\"menu-item menu-item-type-post_type menu-item-object-page menu-item-385\"><a href=\"https:\/\/vetecher.jamiserveri.fi\/index.php\/palvelut\/\" class=\"elementor-item\">Palvelut<\/a><\/li>\n<li class=\"menu-item menu-item-type-post_type menu-item-object-page menu-item-384\"><a href=\"https:\/\/vetecher.jamiserveri.fi\/index.php\/hinnasto\/\" class=\"elementor-item\">Hinnasto<\/a><\/li>\n<li class=\"menu-item menu-item-type-post_type menu-item-object-page menu-item-383\"><a href=\"https:\/\/vetecher.jamiserveri.fi\/index.php\/kuvat\/\" class=\"elementor-item\">Kuvat<\/a><\/li>\n<li class=\"menu-item menu-item-type-post_type menu-item-object-page menu-item-382\"><a href=\"https:\/\/vetecher.jamiserveri.fi\/index.php\/yhteystiedot\/\" class=\"elementor-item\">Ysteystiedot<\/a><\/li>\n<\/ul>\t\t\t<\/nav>\n\t\t\t\t\t<div class=\"elementor-menu-toggle\" role=\"button\" tabindex=\"0\" aria-label=\"Menu Toggle\" aria-expanded=\"false\">\n\t\t\t<svg aria-hidden=\"true\" role=\"presentation\" class=\"elementor-menu-toggle__icon--open e-font-icon-svg e-eicon-menu-bar\" viewBox=\"0 0 1000 1000\" xmlns=\"http:\/\/www.w3.org\/2000\/svg\"><path d=\"M104 333H896C929 333 958 304 958 271S929 208 896 208H104C71 208 42 237 42 271S71 333 104 333ZM104 583H896C929 583 958 554 958 521S929 458 896 458H104C71 458 42 487 42 521S71 583 104 583ZM104 833H896C929 833 958 804 958 771S929 708 896 708H104C71 708 42 737 42 771S71 833 104 833Z\"><\/path><\/svg><svg aria-hidden=\"true\" role=\"presentation\" class=\"elementor-menu-toggle__icon--close e-font-icon-svg e-eicon-close\" viewBox=\"0 0 1000 1000\" xmlns=\"http:\/\/www.w3.org\/2000\/svg\"><path d=\"M742 167L500 408 258 167C246 154 233 150 217 150 196 150 179 158 167 167 154 179 150 196 150 212 150 229 154 242 171 254L408 500 167 742C138 771 138 800 167 829 196 858 225 858 254 829L496 587 738 829C750 842 767 846 783 846 800 846 817 842 829 829 842 817 846 804 846 783 846 767 842 750 829 737L588 500 833 258C863 229 863 200 833 171 804 137 775 137 742 167Z\"><\/path><\/svg>\t\t<\/div>\n\t\t\t\t\t<nav class=\"elementor-nav-menu--dropdown elementor-nav-menu__container\" aria-hidden=\"true\">\n\t\t\t\t<ul id=\"menu-2-17b12f0c\" class=\"elementor-nav-menu\"><li class=\"menu-item menu-item-type-post_type menu-item-object-page menu-item-386\"><a href=\"https:\/\/vetecher.jamiserveri.fi\/index.php\/euranelainlaakari\/\" class=\"elementor-item\" tabindex=\"-1\">Etusivu<\/a><\/li>\n<li class=\"menu-item menu-item-type-post_type menu-item-object-page menu-item-385\"><a href=\"https:\/\/vetecher.jamiserveri.fi\/index.php\/palvelut\/\" class=\"elementor-item\" tabindex=\"-1\">Palvelut<\/a><\/li>\n<li class=\"menu-item menu-item-type-post_type menu-item-object-page menu-item-384\"><a href=\"https:\/\/vetecher.jamiserveri.fi\/index.php\/hinnasto\/\" class=\"elementor-item\" tabindex=\"-1\">Hinnasto<\/a><\/li>\n<li class=\"menu-item menu-item-type-post_type menu-item-object-page menu-item-383\"><a href=\"https:\/\/vetecher.jamiserveri.fi\/index.php\/kuvat\/\" class=\"elementor-item\" tabindex=\"-1\">Kuvat<\/a><\/li>\n<li class=\"menu-item menu-item-type-post_type menu-item-object-page menu-item-382\"><a href=\"https:\/\/vetecher.jamiserveri.fi\/index.php\/yhteystiedot\/\" class=\"elementor-item\" tabindex=\"-1\">Ysteystiedot<\/a><\/li>\n<\/ul>\t\t\t<\/nav>\n\t\t\t\t\t\t<\/div>\n\t\t\t\t\t<\/div>\n\t\t\t\t<\/div>\n\t\t<div class=\"elementor-element elementor-element-81f9885 e-flex e-con-boxed e-con e-parent\" data-id=\"81f9885\" data-element_type=\"container\">\n\t\t\t\t\t<div class=\"e-con-inner\">\n\t\t\t\t<div class=\"elementor-element elementor-element-715331d5 elementor-widget elementor-widget-spacer\" data-id=\"715331d5\" data-element_type=\"widget\" data-widget_type=\"spacer.default\">\n\t\t\t\t\t\t\t<div class=\"elementor-spacer\">\n\t\t\t<div class=\"elementor-spacer-inner\"><\/div>\n\t\t<\/div>\n\t\t\t\t\t\t<\/div>\n\t\t\t\t<div class=\"elementor-element elementor-element-774c3cf3 elementor-widget elementor-widget-heading\" data-id=\"774c3cf3\" data-element_type=\"widget\" data-widget_type=\"heading.default\">\n\t\t\t\t\t<h3 class=\"elementor-heading-title elementor-size-default\">Yhteystiedot<\/h3>\t\t\t\t<\/div>\n\t\t\t\t<div class=\"elementor-element elementor-element-580a5b8 elementor-widget elementor-widget-text-editor\" data-id=\"580a5b8\" data-element_type=\"widget\" data-widget_type=\"text-editor.default\">\n\t\t\t\t\t\t\t\t\t<p>Eurantie 7, Eura<\/p><p>Ma-Pe klo. 8:00\u201317:00<\/p><p>Puh. 010 123 4567<\/p>\t\t\t\t\t\t\t\t<\/div>\n\t\t\t\t<div class=\"elementor-element elementor-element-9808946 e-grid-align-left elementor-shape-rounded elementor-grid-0 elementor-widget elementor-widget-social-icons\" data-id=\"9808946\" data-element_type=\"widget\" data-widget_type=\"social-icons.default\">\n\t\t\t\t\t\t\t<div class=\"elementor-social-icons-wrapper elementor-grid\" role=\"list\">\n\t\t\t\t\t\t\t<span class=\"elementor-grid-item\" role=\"listitem\">\n\t\t\t\t\t<a class=\"elementor-icon elementor-social-icon elementor-social-icon-facebook elementor-repeater-item-39c13e6\" target=\"_blank\">\n\t\t\t\t\t\t<span class=\"elementor-screen-only\">Facebook<\/span>\n\t\t\t\t\t\t<svg aria-hidden=\"true\" class=\"e-font-icon-svg e-fab-facebook\" viewBox=\"0 0 512 512\" xmlns=\"http:\/\/www.w3.org\/2000\/svg\"><path d=\"M504 256C504 119 393 8 256 8S8 119 8 256c0 123.78 90.69 226.38 209.25 245V327.69h-63V256h63v-54.64c0-62.15 37-96.48 93.67-96.48 27.14 0 55.52 4.84 55.52 4.84v61h-31.28c-30.8 0-40.41 19.12-40.41 38.73V256h68.78l-11 71.69h-57.78V501C413.31 482.38 504 379.78 504 256z\"><\/path><\/svg>\t\t\t\t\t<\/a>\n\t\t\t\t<\/span>\n\t\t\t\t\t\t\t<span class=\"elementor-grid-item\" role=\"listitem\">\n\t\t\t\t\t<a class=\"elementor-icon elementor-social-icon elementor-social-icon-youtube elementor-repeater-item-84cf410\" target=\"_blank\">\n\t\t\t\t\t\t<span class=\"elementor-screen-only\">Youtube<\/span>\n\t\t\t\t\t\t<svg aria-hidden=\"true\" class=\"e-font-icon-svg e-fab-youtube\" viewBox=\"0 0 576 512\" xmlns=\"http:\/\/www.w3.org\/2000\/svg\"><path d=\"M549.655 124.083c-6.281-23.65-24.787-42.276-48.284-48.597C458.781 64 288 64 288 64S117.22 64 74.629 75.486c-23.497 6.322-42.003 24.947-48.284 48.597-11.412 42.867-11.412 132.305-11.412 132.305s0 89.438 11.412 132.305c6.281 23.65 24.787 41.5 48.284 47.821C117.22 448 288 448 288 448s170.78 0 213.371-11.486c23.497-6.321 42.003-24.171 48.284-47.821 11.412-42.867 11.412-132.305 11.412-132.305s0-89.438-11.412-132.305zm-317.51 213.508V175.185l142.739 81.205-142.739 81.201z\"><\/path><\/svg>\t\t\t\t\t<\/a>\n\t\t\t\t<\/span>\n\t\t\t\t\t<\/div>\n\t\t\t\t\t\t<\/div>\n\t\t\t\t<div class=\"elementor-element elementor-element-2d8f2ef elementor-align-left elementor-widget elementor-widget-button\" data-id=\"2d8f2ef\" data-element_type=\"widget\" data-widget_type=\"button.default\">\n\t\t\t\t\t\t\t\t\t\t<a class=\"elementor-button elementor-button-link elementor-size-sm\" href=\"tel:%20+3580400000000\">\n\t\t\t\t\t\t<span class=\"elementor-button-content-wrapper\">\n\t\t\t\t\t\t\t\t\t<span class=\"elementor-button-text\">Soita meille!<\/span>\n\t\t\t\t\t<\/span>\n\t\t\t\t\t<\/a>\n\t\t\t\t\t\t\t\t<\/div>\n\t\t\t\t<div class=\"elementor-element elementor-element-6c363a4a elementor-widget elementor-widget-spacer\" data-id=\"6c363a4a\" data-element_type=\"widget\" data-widget_type=\"spacer.default\">\n\t\t\t\t\t\t\t<div class=\"elementor-spacer\">\n\t\t\t<div class=\"elementor-spacer-inner\"><\/div>\n\t\t<\/div>\n\t\t\t\t\t\t<\/div>\n\t\t\t\t<div class=\"elementor-element elementor-element-3646e42 elementor-widget elementor-widget-heading\" data-id=\"3646e42\" data-element_type=\"widget\" data-widget_type=\"heading.default\">\n\t\t\t\t\t<h3 class=\"elementor-heading-title elementor-size-default\">Henkil\u00f6kunta<\/h3>\t\t\t\t<\/div>\n\t\t\t\t\t<\/div>\n\t\t\t\t<\/div>\n\t\t<div class=\"elementor-element elementor-element-3ec2287 e-con-full e-flex e-con e-parent\" data-id=\"3ec2287\" data-element_type=\"container\" data-settings=\"{&quot;background_background&quot;:&quot;classic&quot;}\">\n\t\t<div class=\"elementor-element elementor-element-b0e7877 e-flex e-con-boxed e-con e-child\" data-id=\"b0e7877\" data-element_type=\"container\">\n\t\t\t\t\t<div class=\"e-con-inner\">\n\t\t<div class=\"elementor-element elementor-element-761879e e-con-full e-flex e-con e-child\" data-id=\"761879e\" data-element_type=\"container\">\n\t\t\t\t<div class=\"elementor-element elementor-element-919ee92 elementor-widget elementor-widget-text-editor\" data-id=\"919ee92\" data-element_type=\"widget\" data-widget_type=\"text-editor.default\">\n\t\t\t\t\t\t\t\t\t<p><b>Riina Kuusinen<br \/><\/b><span style=\"font-size: 1rem;\">El\u00e4inl\u00e4\u00e4k\u00e4ri<\/span><\/p>\t\t\t\t\t\t\t\t<\/div>\n\t\t\t\t<div class=\"elementor-element elementor-element-f15a46e elementor-widget elementor-widget-text-editor\" data-id=\"f15a46e\" data-element_type=\"widget\" data-widget_type=\"text-editor.default\">\n\t\t\t\t\t\t\t\t\t<p>Riina Kuusinen on kokenut el\u00e4inl\u00e4\u00e4k\u00e4ri, jolla on yli 15 vuoden kokemus erityisesti pienel\u00e4inten hoidosta. Riina valmistui el\u00e4inl\u00e4\u00e4ketieteen lisensiaatiksi Helsingin yliopistosta, mink\u00e4 j\u00e4lkeen h\u00e4n on ty\u00f6skennellyt useissa el\u00e4inl\u00e4\u00e4k\u00e4riasemilla ymp\u00e4ri Suomea, mm. Turussa ja Tampereella, ennen asettumistaan Helsinkiin. Riinan erityisosaamiseen kuuluvat koirien ja kissojen ihosairaudet sek\u00e4 pehmytkudoskirurgia. H\u00e4n on my\u00f6s suorittanut t\u00e4ydennyskoulutuksia hammashoidossa ja eksoottisten lemmikkien hoidossa.<\/p><p>Riina tunnetaan l\u00e4mminhenkisest\u00e4 l\u00e4hestymistavastaan, ja h\u00e4n pyrkii aina tarjoamaan el\u00e4imille rauhallisen ja stressitt\u00f6m\u00e4n hoitokokemuksen.<\/p>\t\t\t\t\t\t\t\t<\/div>\n\t\t\t\t<\/div>\n\t\t<div class=\"elementor-element elementor-element-49cb392 e-con-full e-flex e-con e-child\" data-id=\"49cb392\" data-element_type=\"container\">\n\t\t\t\t<div class=\"elementor-element elementor-element-a680990 elementor-widget elementor-widget-image\" data-id=\"a680990\" data-element_type=\"widget\" data-widget_type=\"image.default\">\n\t\t\t\t\t\t\t\t\t\t\t\t\t\t\t<img fetchpriority=\"high\" decoding=\"async\" width=\"800\" height=\"800\" src=\"https:\/\/vetecher.jamiserveri.fi\/wp-content\/uploads\/2025\/11\/EE_tyontekijat_ELL.webp\" class=\"attachment-large size-large wp-image-373\" alt=\"\" srcset=\"https:\/\/vetecher.jamiserveri.fi\/wp-content\/uploads\/2025\/11\/EE_tyontekijat_ELL.webp 1024w, https:\/\/vetecher.jamiserveri.fi\/wp-content\/uploads\/2025\/11\/EE_tyontekijat_ELL-300x300.webp 300w, https:\/\/vetecher.jamiserveri.fi\/wp-content\/uploads\/2025\/11\/EE_tyontekijat_ELL-150x150.webp 150w, https:\/\/vetecher.jamiserveri.fi\/wp-content\/uploads\/2025\/11\/EE_tyontekijat_ELL-768x768.webp 768w\" sizes=\"(max-width: 800px) 100vw, 800px\" \/>\t\t\t\t\t\t\t\t\t\t\t\t\t\t\t<\/div>\n\t\t\t\t<\/div>\n\t\t\t\t\t<\/div>\n\t\t\t\t<\/div>\n\t\t<div class=\"elementor-element elementor-element-c5f40f8 e-flex e-con-boxed e-con e-child\" data-id=\"c5f40f8\" data-element_type=\"container\">\n\t\t\t\t\t<div class=\"e-con-inner\">\n\t\t<div class=\"elementor-element elementor-element-2365868 e-con-full e-flex e-con e-child\" data-id=\"2365868\" data-element_type=\"container\">\n\t\t\t\t<div class=\"elementor-element elementor-element-7f22ff3 elementor-widget elementor-widget-text-editor\" data-id=\"7f22ff3\" data-element_type=\"widget\" data-widget_type=\"text-editor.default\">\n\t\t\t\t\t\t\t\t\t<p><b>Sanni M\u00e4kel\u00e4<br \/><\/b>El\u00e4intenhoitaja<\/p>\t\t\t\t\t\t\t\t<\/div>\n\t\t\t\t<div class=\"elementor-element elementor-element-6cf35c6 elementor-widget elementor-widget-text-editor\" data-id=\"6cf35c6\" data-element_type=\"widget\" data-widget_type=\"text-editor.default\">\n\t\t\t\t\t\t\t\t\t<p>Sanni M\u00e4kel\u00e4 on l\u00e4mminhenkinen ja el\u00e4inten hyvinvoinnista intohimoisesti kiinnostunut el\u00e4inhoitaja, jolla on yli 10 vuoden kokemus alalta. H\u00e4n valmistui el\u00e4intenhoitajaksi Ahlmanin ammatti- ja aikuisopistosta Tampereella ja on siit\u00e4 l\u00e4htien ty\u00f6skennellyt eri el\u00e4inl\u00e4\u00e4k\u00e4riasemilla Etel\u00e4-Suomessa. Sanni on erityisen taitava k\u00e4sittelem\u00e4\u00e4n arkoja ja pelokkaita el\u00e4imi\u00e4, ja h\u00e4nen lempe\u00e4 l\u00e4hestymistapansa on saanut kiitosta niin lemmikeilt\u00e4 kuin niiden omistajilta. H\u00e4n on my\u00f6s suorittanut jatkokoulutusta anestesiassa ja on perehtynyt erityisesti kissojen ja koirien kivunhallintaan.<\/p><p>Sanni pit\u00e4\u00e4 t\u00e4rke\u00e4n\u00e4 el\u00e4inten ja omistajien v\u00e4list\u00e4 yhteytt\u00e4 ja auttaa mielell\u00e4\u00e4n antamaan kotihoito-ohjeita, jotta el\u00e4inten hyvinvointi jatkuu my\u00f6s vastaanoton j\u00e4lkeen.<\/p>\t\t\t\t\t\t\t\t<\/div>\n\t\t\t\t<\/div>\n\t\t<div class=\"elementor-element elementor-element-f53da7c e-con-full e-flex e-con e-child\" data-id=\"f53da7c\" data-element_type=\"container\">\n\t\t\t\t<div class=\"elementor-element elementor-element-cc2198a elementor-widget elementor-widget-image\" data-id=\"cc2198a\" data-element_type=\"widget\" data-widget_type=\"image.default\">\n\t\t\t\t\t\t\t\t\t\t\t\t\t\t\t<img decoding=\"async\" width=\"800\" height=\"800\" src=\"https:\/\/vetecher.jamiserveri.fi\/wp-content\/uploads\/2025\/11\/EE_tyontekijat_ELH.webp\" class=\"attachment-large size-large wp-image-374\" alt=\"\" srcset=\"https:\/\/vetecher.jamiserveri.fi\/wp-content\/uploads\/2025\/11\/EE_tyontekijat_ELH.webp 1024w, https:\/\/vetecher.jamiserveri.fi\/wp-content\/uploads\/2025\/11\/EE_tyontekijat_ELH-300x300.webp 300w, https:\/\/vetecher.jamiserveri.fi\/wp-content\/uploads\/2025\/11\/EE_tyontekijat_ELH-150x150.webp 150w, https:\/\/vetecher.jamiserveri.fi\/wp-content\/uploads\/2025\/11\/EE_tyontekijat_ELH-768x768.webp 768w\" sizes=\"(max-width: 800px) 100vw, 800px\" \/>\t\t\t\t\t\t\t\t\t\t\t\t\t\t\t<\/div>\n\t\t\t\t<\/div>\n\t\t\t\t\t<\/div>\n\t\t\t\t<\/div>\n\t\t\t\t<div class=\"elementor-element elementor-element-4255226 elementor-widget elementor-widget-spacer\" data-id=\"4255226\" data-element_type=\"widget\" data-widget_type=\"spacer.default\">\n\t\t\t\t\t\t\t<div class=\"elementor-spacer\">\n\t\t\t<div class=\"elementor-spacer-inner\"><\/div>\n\t\t<\/div>\n\t\t\t\t\t\t<\/div>\n\t\t\t\t<div class=\"elementor-element elementor-element-ee1b586 elementor-widget elementor-widget-google_maps\" data-id=\"ee1b586\" data-element_type=\"widget\" data-widget_type=\"google_maps.default\">\n\t\t\t\t\t\t\t<div class=\"elementor-custom-embed\">\n\t\t\t<iframe loading=\"lazy\"\n\t\t\t\t\tsrc=\"https:\/\/maps.google.com\/maps?q=eura&#038;t=m&#038;z=15&#038;output=embed&#038;iwloc=near\"\n\t\t\t\t\ttitle=\"eura\"\n\t\t\t\t\taria-label=\"eura\"\n\t\t\t><\/iframe>\n\t\t<\/div>\n\t\t\t\t\t\t<\/div>\n\t\t\t\t<\/div>\n\t\t<div class=\"elementor-element elementor-element-3f17c051 e-flex e-con-boxed e-con e-parent\" data-id=\"3f17c051\" data-element_type=\"container\" data-settings=\"{&quot;background_background&quot;:&quot;classic&quot;}\">\n\t\t\t\t\t<div class=\"e-con-inner\">\n\t\t<div class=\"elementor-element elementor-element-56e04048 e-con-full e-flex e-con e-child\" data-id=\"56e04048\" data-element_type=\"container\">\n\t\t\t\t<div class=\"elementor-element elementor-element-f827fcb elementor-widget elementor-widget-heading\" data-id=\"f827fcb\" data-element_type=\"widget\" data-widget_type=\"heading.default\">\n\t\t\t\t\t<h1 class=\"elementor-heading-title elementor-size-default\">Euran El\u00e4inl\u00e4\u00e4k\u00e4ri<\/h1>\t\t\t\t<\/div>\n\t\t\t\t<div class=\"elementor-element elementor-element-b88c29c elementor-widget elementor-widget-text-editor\" data-id=\"b88c29c\" data-element_type=\"widget\" data-widget_type=\"text-editor.default\">\n\t\t\t\t\t\t\t\t\t<p>Eurantie 7, Eura<\/p><p>Ma-Pe klo. 8:00\u201317:00<\/p><p>Puh. 010 123 4567<\/p>\t\t\t\t\t\t\t\t<\/div>\n\t\t\t\t<\/div>\n\t\t<div class=\"elementor-element elementor-element-1039a541 e-con-full e-flex e-con e-child\" data-id=\"1039a541\" data-element_type=\"container\">\n\t\t\t\t<div class=\"elementor-element elementor-element-373cd024 e-grid-align-right e-grid-align-mobile-center elementor-shape-rounded elementor-grid-0 elementor-widget elementor-widget-social-icons\" data-id=\"373cd024\" data-element_type=\"widget\" data-widget_type=\"social-icons.default\">\n\t\t\t\t\t\t\t<div class=\"elementor-social-icons-wrapper elementor-grid\" role=\"list\">\n\t\t\t\t\t\t\t<span class=\"elementor-grid-item\" role=\"listitem\">\n\t\t\t\t\t<a class=\"elementor-icon elementor-social-icon elementor-social-icon-facebook elementor-repeater-item-39c13e6\" target=\"_blank\">\n\t\t\t\t\t\t<span class=\"elementor-screen-only\">Facebook<\/span>\n\t\t\t\t\t\t<svg aria-hidden=\"true\" class=\"e-font-icon-svg e-fab-facebook\" viewBox=\"0 0 512 512\" xmlns=\"http:\/\/www.w3.org\/2000\/svg\"><path d=\"M504 256C504 119 393 8 256 8S8 119 8 256c0 123.78 90.69 226.38 209.25 245V327.69h-63V256h63v-54.64c0-62.15 37-96.48 93.67-96.48 27.14 0 55.52 4.84 55.52 4.84v61h-31.28c-30.8 0-40.41 19.12-40.41 38.73V256h68.78l-11 71.69h-57.78V501C413.31 482.38 504 379.78 504 256z\"><\/path><\/svg>\t\t\t\t\t<\/a>\n\t\t\t\t<\/span>\n\t\t\t\t\t\t\t<span class=\"elementor-grid-item\" role=\"listitem\">\n\t\t\t\t\t<a class=\"elementor-icon elementor-social-icon elementor-social-icon-youtube elementor-repeater-item-84cf410\" target=\"_blank\">\n\t\t\t\t\t\t<span class=\"elementor-screen-only\">Youtube<\/span>\n\t\t\t\t\t\t<svg aria-hidden=\"true\" class=\"e-font-icon-svg e-fab-youtube\" viewBox=\"0 0 576 512\" xmlns=\"http:\/\/www.w3.org\/2000\/svg\"><path d=\"M549.655 124.083c-6.281-23.65-24.787-42.276-48.284-48.597C458.781 64 288 64 288 64S117.22 64 74.629 75.486c-23.497 6.322-42.003 24.947-48.284 48.597-11.412 42.867-11.412 132.305-11.412 132.305s0 89.438 11.412 132.305c6.281 23.65 24.787 41.5 48.284 47.821C117.22 448 288 448 288 448s170.78 0 213.371-11.486c23.497-6.321 42.003-24.171 48.284-47.821 11.412-42.867 11.412-132.305 11.412-132.305s0-89.438-11.412-132.305zm-317.51 213.508V175.185l142.739 81.205-142.739 81.201z\"><\/path><\/svg>\t\t\t\t\t<\/a>\n\t\t\t\t<\/span>\n\t\t\t\t\t<\/div>\n\t\t\t\t\t\t<\/div>\n\t\t\t\t<div class=\"elementor-element elementor-element-4b3acac1 elementor-align-right elementor-mobile-align-center elementor-widget elementor-widget-button\" data-id=\"4b3acac1\" data-element_type=\"widget\" data-widget_type=\"button.default\">\n\t\t\t\t\t\t\t\t\t\t<a class=\"elementor-button elementor-button-link elementor-size-sm\" href=\"tel:%20+3580400000000\">\n\t\t\t\t\t\t<span class=\"elementor-button-content-wrapper\">\n\t\t\t\t\t\t\t\t\t<span class=\"elementor-button-text\">Soita meille!<\/span>\n\t\t\t\t\t<\/span>\n\t\t\t\t\t<\/a>\n\t\t\t\t\t\t\t\t<\/div>\n\t\t\t\t<\/div>\n\t\t\t\t\t<\/div>\n\t\t\t\t<\/div>\n\t\t\t\t<\/div>\n\t\t","protected":false},"excerpt":{"rendered":"<p>Euran El\u00e4inl\u00e4\u00e4k\u00e4ri Eurantie 7, Eura Ma-Pe klo. 8:00\u201317:00 Puh. 010 123 4567 Yhteystiedot Eurantie 7, Eura Ma-Pe klo. 8:00\u201317:00 Puh. 010 123 4567 Facebook Youtube Soita meille! Henkil\u00f6kunta Riina KuusinenEl\u00e4inl\u00e4\u00e4k\u00e4ri Riina Kuusinen on kokenut el\u00e4inl\u00e4\u00e4k\u00e4ri, jolla on yli 15 vuoden kokemus erityisesti pienel\u00e4inten hoidosta. Riina valmistui el\u00e4inl\u00e4\u00e4ketieteen lisensiaatiksi Helsingin yliopistosta, mink\u00e4 j\u00e4lkeen h\u00e4n on ty\u00f6skennellyt [&hellip;]<\/p>\n","protected":false},"author":1,"featured_media":0,"parent":0,"menu_order":0,"comment_status":"closed","ping_status":"closed","template":"elementor_canvas","meta":{"footnotes":""},"class_list":["post-364","page","type-page","status-publish","hentry"],"_links":{"self":[{"href":"https:\/\/vetecher.jamiserveri.fi\/index.php\/wp-json\/wp\/v2\/pages\/364","targetHints":{"allow":["GET"]}}],"collection":[{"href":"https:\/\/vetecher.jamiserveri.fi\/index.php\/wp-json\/wp\/v2\/pages"}],"about":[{"href":"https:\/\/vetecher.jamiserveri.fi\/index.php\/wp-json\/wp\/v2\/types\/page"}],"author":[{"embeddable":true,"href":"https:\/\/vetecher.jamiserveri.fi\/index.php\/wp-json\/wp\/v2\/users\/1"}],"replies":[{"embeddable":true,"href":"https:\/\/vetecher.jamiserveri.fi\/index.php\/wp-json\/wp\/v2\/comments?post=364"}],"version-history":[{"count":16,"href":"https:\/\/vetecher.jamiserveri.fi\/index.php\/wp-json\/wp\/v2\/pages\/364\/revisions"}],"predecessor-version":[{"id":425,"href":"https:\/\/vetecher.jamiserveri.fi\/index.php\/wp-json\/wp\/v2\/pages\/364\/revisions\/425"}],"wp:attachment":[{"href":"https:\/\/vetecher.jamiserveri.fi\/index.php\/wp-json\/wp\/v2\/media?parent=364"}],"curies":[{"name":"wp","href":"https:\/\/api.w.org\/{rel}","templated":true}]}}