{"id":353,"date":"2025-11-13T18:06:57","date_gmt":"2025-11-13T16:06:57","guid":{"rendered":"https:\/\/vetecher.jamiserveri.fi\/?page_id=353"},"modified":"2025-11-14T00:11:28","modified_gmt":"2025-11-13T22:11:28","slug":"kuvat","status":"publish","type":"page","link":"https:\/\/vetecher.jamiserveri.fi\/index.php\/kuvat\/","title":{"rendered":"Kuvat"},"content":{"rendered":"\t\t<div data-elementor-type=\"wp-page\" data-elementor-id=\"353\" class=\"elementor elementor-353\" data-elementor-post-type=\"page\">\n\t\t\t\t<div class=\"elementor-element elementor-element-5697fde9 e-flex e-con-boxed e-con e-parent\" data-id=\"5697fde9\" data-element_type=\"container\" data-settings=\"{&quot;background_background&quot;:&quot;classic&quot;}\">\n\t\t\t\t\t<div class=\"e-con-inner\">\n\t\t<div class=\"elementor-element elementor-element-54001468 e-con-full e-flex e-con e-child\" data-id=\"54001468\" data-element_type=\"container\">\n\t\t\t\t<div class=\"elementor-element elementor-element-6c063166 elementor-widget elementor-widget-heading\" data-id=\"6c063166\" data-element_type=\"widget\" data-widget_type=\"heading.default\">\n\t\t\t\t\t<h1 class=\"elementor-heading-title elementor-size-default\">Euran El\u00e4inl\u00e4\u00e4k\u00e4ri<\/h1>\t\t\t\t<\/div>\n\t\t\t\t<\/div>\n\t\t<div class=\"elementor-element elementor-element-46b69a e-con-full e-flex e-con e-child\" data-id=\"46b69a\" data-element_type=\"container\">\n\t\t\t\t<div class=\"elementor-element elementor-element-18c73f9d elementor-widget elementor-widget-text-editor\" data-id=\"18c73f9d\" data-element_type=\"widget\" data-widget_type=\"text-editor.default\">\n\t\t\t\t\t\t\t\t\t<p>Eurantie 7, Eura<\/p><p>Ma-Pe klo. 8:00\u201317:00<\/p><p>Puh. 010 123 4567<\/p>\t\t\t\t\t\t\t\t<\/div>\n\t\t\t\t<\/div>\n\t\t\t\t\t<\/div>\n\t\t\t\t<\/div>\n\t\t<div class=\"elementor-element elementor-element-78cf6d04 e-flex e-con-boxed e-con e-parent\" data-id=\"78cf6d04\" data-element_type=\"container\" data-settings=\"{&quot;background_background&quot;:&quot;classic&quot;}\">\n\t\t\t\t\t<div class=\"e-con-inner\">\n\t\t\t\t<div class=\"elementor-element elementor-element-13e9abc0 elementor-nav-menu__align-justify elementor-nav-menu--dropdown-mobile elementor-nav-menu__text-align-aside elementor-nav-menu--toggle elementor-nav-menu--burger elementor-widget elementor-widget-nav-menu\" data-id=\"13e9abc0\" data-element_type=\"widget\" data-settings=\"{&quot;layout&quot;:&quot;horizontal&quot;,&quot;submenu_icon&quot;:{&quot;value&quot;:&quot;&lt;svg class=\\&quot;e-font-icon-svg e-fas-caret-down\\&quot; viewBox=\\&quot;0 0 320 512\\&quot; xmlns=\\&quot;http:\\\/\\\/www.w3.org\\\/2000\\\/svg\\&quot;&gt;&lt;path d=\\&quot;M31.3 192h257.3c17.8 0 26.7 21.5 14.1 34.1L174.1 354.8c-7.8 7.8-20.5 7.8-28.3 0L17.2 226.1C4.6 213.5 13.5 192 31.3 192z\\&quot;&gt;&lt;\\\/path&gt;&lt;\\\/svg&gt;&quot;,&quot;library&quot;:&quot;fa-solid&quot;},&quot;toggle&quot;:&quot;burger&quot;}\" data-widget_type=\"nav-menu.default\">\n\t\t\t\t\t\t\t\t<nav aria-label=\"Menu\" class=\"elementor-nav-menu--main elementor-nav-menu__container elementor-nav-menu--layout-horizontal e--pointer-background e--animation-fade\">\n\t\t\t\t<ul id=\"menu-1-13e9abc0\" class=\"elementor-nav-menu\"><li class=\"menu-item menu-item-type-post_type menu-item-object-page menu-item-386\"><a href=\"https:\/\/vetecher.jamiserveri.fi\/index.php\/euranelainlaakari\/\" class=\"elementor-item\">Etusivu<\/a><\/li>\n<li class=\"menu-item menu-item-type-post_type menu-item-object-page menu-item-385\"><a href=\"https:\/\/vetecher.jamiserveri.fi\/index.php\/palvelut\/\" class=\"elementor-item\">Palvelut<\/a><\/li>\n<li class=\"menu-item menu-item-type-post_type menu-item-object-page menu-item-384\"><a href=\"https:\/\/vetecher.jamiserveri.fi\/index.php\/hinnasto\/\" class=\"elementor-item\">Hinnasto<\/a><\/li>\n<li class=\"menu-item menu-item-type-post_type menu-item-object-page menu-item-383\"><a href=\"https:\/\/vetecher.jamiserveri.fi\/index.php\/kuvat\/\" class=\"elementor-item\">Kuvat<\/a><\/li>\n<li class=\"menu-item menu-item-type-post_type menu-item-object-page menu-item-382\"><a href=\"https:\/\/vetecher.jamiserveri.fi\/index.php\/yhteystiedot\/\" class=\"elementor-item\">Ysteystiedot<\/a><\/li>\n<\/ul>\t\t\t<\/nav>\n\t\t\t\t\t<div class=\"elementor-menu-toggle\" role=\"button\" tabindex=\"0\" aria-label=\"Menu Toggle\" aria-expanded=\"false\">\n\t\t\t<svg aria-hidden=\"true\" role=\"presentation\" class=\"elementor-menu-toggle__icon--open e-font-icon-svg e-eicon-menu-bar\" viewBox=\"0 0 1000 1000\" xmlns=\"http:\/\/www.w3.org\/2000\/svg\"><path d=\"M104 333H896C929 333 958 304 958 271S929 208 896 208H104C71 208 42 237 42 271S71 333 104 333ZM104 583H896C929 583 958 554 958 521S929 458 896 458H104C71 458 42 487 42 521S71 583 104 583ZM104 833H896C929 833 958 804 958 771S929 708 896 708H104C71 708 42 737 42 771S71 833 104 833Z\"><\/path><\/svg><svg aria-hidden=\"true\" role=\"presentation\" class=\"elementor-menu-toggle__icon--close e-font-icon-svg e-eicon-close\" viewBox=\"0 0 1000 1000\" xmlns=\"http:\/\/www.w3.org\/2000\/svg\"><path d=\"M742 167L500 408 258 167C246 154 233 150 217 150 196 150 179 158 167 167 154 179 150 196 150 212 150 229 154 242 171 254L408 500 167 742C138 771 138 800 167 829 196 858 225 858 254 829L496 587 738 829C750 842 767 846 783 846 800 846 817 842 829 829 842 817 846 804 846 783 846 767 842 750 829 737L588 500 833 258C863 229 863 200 833 171 804 137 775 137 742 167Z\"><\/path><\/svg>\t\t<\/div>\n\t\t\t\t\t<nav class=\"elementor-nav-menu--dropdown elementor-nav-menu__container\" aria-hidden=\"true\">\n\t\t\t\t<ul id=\"menu-2-13e9abc0\" class=\"elementor-nav-menu\"><li class=\"menu-item menu-item-type-post_type menu-item-object-page menu-item-386\"><a href=\"https:\/\/vetecher.jamiserveri.fi\/index.php\/euranelainlaakari\/\" class=\"elementor-item\" tabindex=\"-1\">Etusivu<\/a><\/li>\n<li class=\"menu-item menu-item-type-post_type menu-item-object-page menu-item-385\"><a href=\"https:\/\/vetecher.jamiserveri.fi\/index.php\/palvelut\/\" class=\"elementor-item\" tabindex=\"-1\">Palvelut<\/a><\/li>\n<li class=\"menu-item menu-item-type-post_type menu-item-object-page menu-item-384\"><a href=\"https:\/\/vetecher.jamiserveri.fi\/index.php\/hinnasto\/\" class=\"elementor-item\" tabindex=\"-1\">Hinnasto<\/a><\/li>\n<li class=\"menu-item menu-item-type-post_type menu-item-object-page menu-item-383\"><a href=\"https:\/\/vetecher.jamiserveri.fi\/index.php\/kuvat\/\" class=\"elementor-item\" tabindex=\"-1\">Kuvat<\/a><\/li>\n<li class=\"menu-item menu-item-type-post_type menu-item-object-page menu-item-382\"><a href=\"https:\/\/vetecher.jamiserveri.fi\/index.php\/yhteystiedot\/\" class=\"elementor-item\" tabindex=\"-1\">Ysteystiedot<\/a><\/li>\n<\/ul>\t\t\t<\/nav>\n\t\t\t\t\t\t<\/div>\n\t\t\t\t\t<\/div>\n\t\t\t\t<\/div>\n\t\t<div class=\"elementor-element elementor-element-bd15082 e-flex e-con-boxed e-con e-parent\" data-id=\"bd15082\" data-element_type=\"container\">\n\t\t\t\t\t<div class=\"e-con-inner\">\n\t\t\t\t<div class=\"elementor-element elementor-element-1ed29de2 elementor-widget elementor-widget-spacer\" data-id=\"1ed29de2\" data-element_type=\"widget\" data-widget_type=\"spacer.default\">\n\t\t\t\t\t\t\t<div class=\"elementor-spacer\">\n\t\t\t<div class=\"elementor-spacer-inner\"><\/div>\n\t\t<\/div>\n\t\t\t\t\t\t<\/div>\n\t\t\t\t<div class=\"elementor-element elementor-element-2769be41 elementor-widget elementor-widget-heading\" data-id=\"2769be41\" data-element_type=\"widget\" data-widget_type=\"heading.default\">\n\t\t\t\t\t<h3 class=\"elementor-heading-title elementor-size-default\">Kuvat<\/h3>\t\t\t\t<\/div>\n\t\t\t\t<div class=\"elementor-element elementor-element-02cd241 gallery-spacing-custom elementor-widget elementor-widget-image-gallery\" data-id=\"02cd241\" data-element_type=\"widget\" data-widget_type=\"image-gallery.default\">\n\t\t\t\t\t\t\t<div class=\"elementor-image-gallery\">\n\t\t\t<div id='gallery-1' class='gallery galleryid-353 gallery-columns-3 gallery-size-large'><figure class='gallery-item'>\n\t\t\t<div class='gallery-icon landscape'>\n\t\t\t\t<a data-elementor-open-lightbox=\"yes\" data-elementor-lightbox-slideshow=\"02cd241\" data-elementor-lightbox-title=\"EE_galleriakuva6\" data-e-action-hash=\"#elementor-action%3Aaction%3Dlightbox%26settings%3DeyJpZCI6MzU1LCJ1cmwiOiJodHRwczpcL1wvdmV0ZWNoZXIuamFtaXNlcnZlcmkuZmlcL3dwLWNvbnRlbnRcL3VwbG9hZHNcLzIwMjVcLzExXC9FRV9nYWxsZXJpYWt1dmE2LmpwZyIsInNsaWRlc2hvdyI6IjAyY2QyNDEifQ%3D%3D\" href='https:\/\/vetecher.jamiserveri.fi\/wp-content\/uploads\/2025\/11\/EE_galleriakuva6.jpg'><img fetchpriority=\"high\" decoding=\"async\" width=\"800\" height=\"533\" src=\"https:\/\/vetecher.jamiserveri.fi\/wp-content\/uploads\/2025\/11\/EE_galleriakuva6-1024x682.jpg\" class=\"attachment-large size-large\" alt=\"\" srcset=\"https:\/\/vetecher.jamiserveri.fi\/wp-content\/uploads\/2025\/11\/EE_galleriakuva6-1024x682.jpg 1024w, https:\/\/vetecher.jamiserveri.fi\/wp-content\/uploads\/2025\/11\/EE_galleriakuva6-300x200.jpg 300w, https:\/\/vetecher.jamiserveri.fi\/wp-content\/uploads\/2025\/11\/EE_galleriakuva6-768x512.jpg 768w, https:\/\/vetecher.jamiserveri.fi\/wp-content\/uploads\/2025\/11\/EE_galleriakuva6-1536x1024.jpg 1536w, https:\/\/vetecher.jamiserveri.fi\/wp-content\/uploads\/2025\/11\/EE_galleriakuva6.jpg 2000w\" sizes=\"(max-width: 800px) 100vw, 800px\" \/><\/a>\n\t\t\t<\/div><\/figure><figure class='gallery-item'>\n\t\t\t<div class='gallery-icon landscape'>\n\t\t\t\t<a data-elementor-open-lightbox=\"yes\" data-elementor-lightbox-slideshow=\"02cd241\" data-elementor-lightbox-title=\"EE_galleriakuva5\" data-e-action-hash=\"#elementor-action%3Aaction%3Dlightbox%26settings%3DeyJpZCI6MzU2LCJ1cmwiOiJodHRwczpcL1wvdmV0ZWNoZXIuamFtaXNlcnZlcmkuZmlcL3dwLWNvbnRlbnRcL3VwbG9hZHNcLzIwMjVcLzExXC9FRV9nYWxsZXJpYWt1dmE1LmpwZyIsInNsaWRlc2hvdyI6IjAyY2QyNDEifQ%3D%3D\" href='https:\/\/vetecher.jamiserveri.fi\/wp-content\/uploads\/2025\/11\/EE_galleriakuva5.jpg'><img decoding=\"async\" width=\"800\" height=\"533\" src=\"https:\/\/vetecher.jamiserveri.fi\/wp-content\/uploads\/2025\/11\/EE_galleriakuva5-1024x682.jpg\" class=\"attachment-large size-large\" alt=\"\" srcset=\"https:\/\/vetecher.jamiserveri.fi\/wp-content\/uploads\/2025\/11\/EE_galleriakuva5-1024x682.jpg 1024w, https:\/\/vetecher.jamiserveri.fi\/wp-content\/uploads\/2025\/11\/EE_galleriakuva5-300x200.jpg 300w, https:\/\/vetecher.jamiserveri.fi\/wp-content\/uploads\/2025\/11\/EE_galleriakuva5-768x512.jpg 768w, https:\/\/vetecher.jamiserveri.fi\/wp-content\/uploads\/2025\/11\/EE_galleriakuva5-1536x1024.jpg 1536w, https:\/\/vetecher.jamiserveri.fi\/wp-content\/uploads\/2025\/11\/EE_galleriakuva5.jpg 2000w\" sizes=\"(max-width: 800px) 100vw, 800px\" \/><\/a>\n\t\t\t<\/div><\/figure><figure class='gallery-item'>\n\t\t\t<div class='gallery-icon landscape'>\n\t\t\t\t<a data-elementor-open-lightbox=\"yes\" data-elementor-lightbox-slideshow=\"02cd241\" data-elementor-lightbox-title=\"EE_galleriakuva4\" data-e-action-hash=\"#elementor-action%3Aaction%3Dlightbox%26settings%3DeyJpZCI6MzU3LCJ1cmwiOiJodHRwczpcL1wvdmV0ZWNoZXIuamFtaXNlcnZlcmkuZmlcL3dwLWNvbnRlbnRcL3VwbG9hZHNcLzIwMjVcLzExXC9FRV9nYWxsZXJpYWt1dmE0LmpwZyIsInNsaWRlc2hvdyI6IjAyY2QyNDEifQ%3D%3D\" href='https:\/\/vetecher.jamiserveri.fi\/wp-content\/uploads\/2025\/11\/EE_galleriakuva4.jpg'><img decoding=\"async\" width=\"800\" height=\"533\" src=\"https:\/\/vetecher.jamiserveri.fi\/wp-content\/uploads\/2025\/11\/EE_galleriakuva4-1024x682.jpg\" class=\"attachment-large size-large\" alt=\"\" srcset=\"https:\/\/vetecher.jamiserveri.fi\/wp-content\/uploads\/2025\/11\/EE_galleriakuva4-1024x682.jpg 1024w, https:\/\/vetecher.jamiserveri.fi\/wp-content\/uploads\/2025\/11\/EE_galleriakuva4-300x200.jpg 300w, https:\/\/vetecher.jamiserveri.fi\/wp-content\/uploads\/2025\/11\/EE_galleriakuva4-768x512.jpg 768w, https:\/\/vetecher.jamiserveri.fi\/wp-content\/uploads\/2025\/11\/EE_galleriakuva4-1536x1024.jpg 1536w, https:\/\/vetecher.jamiserveri.fi\/wp-content\/uploads\/2025\/11\/EE_galleriakuva4.jpg 2000w\" sizes=\"(max-width: 800px) 100vw, 800px\" \/><\/a>\n\t\t\t<\/div><\/figure><figure class='gallery-item'>\n\t\t\t<div class='gallery-icon landscape'>\n\t\t\t\t<a data-elementor-open-lightbox=\"yes\" data-elementor-lightbox-slideshow=\"02cd241\" data-elementor-lightbox-title=\"EE_galleriakuva3\" data-e-action-hash=\"#elementor-action%3Aaction%3Dlightbox%26settings%3DeyJpZCI6MzU4LCJ1cmwiOiJodHRwczpcL1wvdmV0ZWNoZXIuamFtaXNlcnZlcmkuZmlcL3dwLWNvbnRlbnRcL3VwbG9hZHNcLzIwMjVcLzExXC9FRV9nYWxsZXJpYWt1dmEzLmpwZyIsInNsaWRlc2hvdyI6IjAyY2QyNDEifQ%3D%3D\" href='https:\/\/vetecher.jamiserveri.fi\/wp-content\/uploads\/2025\/11\/EE_galleriakuva3.jpg'><img loading=\"lazy\" decoding=\"async\" width=\"800\" height=\"533\" src=\"https:\/\/vetecher.jamiserveri.fi\/wp-content\/uploads\/2025\/11\/EE_galleriakuva3-1024x682.jpg\" class=\"attachment-large size-large\" alt=\"\" srcset=\"https:\/\/vetecher.jamiserveri.fi\/wp-content\/uploads\/2025\/11\/EE_galleriakuva3-1024x682.jpg 1024w, https:\/\/vetecher.jamiserveri.fi\/wp-content\/uploads\/2025\/11\/EE_galleriakuva3-300x200.jpg 300w, https:\/\/vetecher.jamiserveri.fi\/wp-content\/uploads\/2025\/11\/EE_galleriakuva3-768x512.jpg 768w, https:\/\/vetecher.jamiserveri.fi\/wp-content\/uploads\/2025\/11\/EE_galleriakuva3-1536x1024.jpg 1536w, https:\/\/vetecher.jamiserveri.fi\/wp-content\/uploads\/2025\/11\/EE_galleriakuva3.jpg 2000w\" sizes=\"(max-width: 800px) 100vw, 800px\" \/><\/a>\n\t\t\t<\/div><\/figure><figure class='gallery-item'>\n\t\t\t<div class='gallery-icon landscape'>\n\t\t\t\t<a data-elementor-open-lightbox=\"yes\" data-elementor-lightbox-slideshow=\"02cd241\" data-elementor-lightbox-title=\"EE_galleriakuva2\" data-e-action-hash=\"#elementor-action%3Aaction%3Dlightbox%26settings%3DeyJpZCI6MzU5LCJ1cmwiOiJodHRwczpcL1wvdmV0ZWNoZXIuamFtaXNlcnZlcmkuZmlcL3dwLWNvbnRlbnRcL3VwbG9hZHNcLzIwMjVcLzExXC9FRV9nYWxsZXJpYWt1dmEyLmpwZyIsInNsaWRlc2hvdyI6IjAyY2QyNDEifQ%3D%3D\" href='https:\/\/vetecher.jamiserveri.fi\/wp-content\/uploads\/2025\/11\/EE_galleriakuva2.jpg'><img loading=\"lazy\" decoding=\"async\" width=\"800\" height=\"533\" src=\"https:\/\/vetecher.jamiserveri.fi\/wp-content\/uploads\/2025\/11\/EE_galleriakuva2-1024x682.jpg\" class=\"attachment-large size-large\" alt=\"\" srcset=\"https:\/\/vetecher.jamiserveri.fi\/wp-content\/uploads\/2025\/11\/EE_galleriakuva2-1024x682.jpg 1024w, https:\/\/vetecher.jamiserveri.fi\/wp-content\/uploads\/2025\/11\/EE_galleriakuva2-300x200.jpg 300w, https:\/\/vetecher.jamiserveri.fi\/wp-content\/uploads\/2025\/11\/EE_galleriakuva2-768x512.jpg 768w, https:\/\/vetecher.jamiserveri.fi\/wp-content\/uploads\/2025\/11\/EE_galleriakuva2-1536x1024.jpg 1536w, https:\/\/vetecher.jamiserveri.fi\/wp-content\/uploads\/2025\/11\/EE_galleriakuva2.jpg 2000w\" sizes=\"(max-width: 800px) 100vw, 800px\" \/><\/a>\n\t\t\t<\/div><\/figure><figure class='gallery-item'>\n\t\t\t<div class='gallery-icon landscape'>\n\t\t\t\t<a data-elementor-open-lightbox=\"yes\" data-elementor-lightbox-slideshow=\"02cd241\" data-elementor-lightbox-title=\"EE_galleriakuva1\" data-e-action-hash=\"#elementor-action%3Aaction%3Dlightbox%26settings%3DeyJpZCI6MzYwLCJ1cmwiOiJodHRwczpcL1wvdmV0ZWNoZXIuamFtaXNlcnZlcmkuZmlcL3dwLWNvbnRlbnRcL3VwbG9hZHNcLzIwMjVcLzExXC9FRV9nYWxsZXJpYWt1dmExLmpwZyIsInNsaWRlc2hvdyI6IjAyY2QyNDEifQ%3D%3D\" href='https:\/\/vetecher.jamiserveri.fi\/wp-content\/uploads\/2025\/11\/EE_galleriakuva1.jpg'><img loading=\"lazy\" decoding=\"async\" width=\"800\" height=\"533\" src=\"https:\/\/vetecher.jamiserveri.fi\/wp-content\/uploads\/2025\/11\/EE_galleriakuva1-1024x682.jpg\" class=\"attachment-large size-large\" alt=\"\" srcset=\"https:\/\/vetecher.jamiserveri.fi\/wp-content\/uploads\/2025\/11\/EE_galleriakuva1-1024x682.jpg 1024w, https:\/\/vetecher.jamiserveri.fi\/wp-content\/uploads\/2025\/11\/EE_galleriakuva1-300x200.jpg 300w, https:\/\/vetecher.jamiserveri.fi\/wp-content\/uploads\/2025\/11\/EE_galleriakuva1-768x512.jpg 768w, https:\/\/vetecher.jamiserveri.fi\/wp-content\/uploads\/2025\/11\/EE_galleriakuva1-1536x1024.jpg 1536w, https:\/\/vetecher.jamiserveri.fi\/wp-content\/uploads\/2025\/11\/EE_galleriakuva1.jpg 2000w\" sizes=\"(max-width: 800px) 100vw, 800px\" \/><\/a>\n\t\t\t<\/div><\/figure>\n\t\t<\/div>\n\t\t<\/div>\n\t\t\t\t\t\t<\/div>\n\t\t\t\t<div class=\"elementor-element elementor-element-4a2cdbd8 elementor-widget elementor-widget-spacer\" data-id=\"4a2cdbd8\" data-element_type=\"widget\" data-widget_type=\"spacer.default\">\n\t\t\t\t\t\t\t<div class=\"elementor-spacer\">\n\t\t\t<div class=\"elementor-spacer-inner\"><\/div>\n\t\t<\/div>\n\t\t\t\t\t\t<\/div>\n\t\t\t\t\t<\/div>\n\t\t\t\t<\/div>\n\t\t<div class=\"elementor-element elementor-element-70e28f2b e-flex e-con-boxed e-con e-parent\" data-id=\"70e28f2b\" data-element_type=\"container\" data-settings=\"{&quot;background_background&quot;:&quot;classic&quot;}\">\n\t\t\t\t\t<div class=\"e-con-inner\">\n\t\t\t\t\t<\/div>\n\t\t\t\t<\/div>\n\t\t<div class=\"elementor-element elementor-element-7a5ce15b e-flex e-con-boxed e-con e-parent\" data-id=\"7a5ce15b\" data-element_type=\"container\" data-settings=\"{&quot;background_background&quot;:&quot;classic&quot;}\">\n\t\t\t\t\t<div class=\"e-con-inner\">\n\t\t<div class=\"elementor-element elementor-element-5185c979 e-con-full e-flex e-con e-child\" data-id=\"5185c979\" data-element_type=\"container\">\n\t\t\t\t<div class=\"elementor-element elementor-element-2e4fce6c elementor-widget elementor-widget-heading\" data-id=\"2e4fce6c\" data-element_type=\"widget\" data-widget_type=\"heading.default\">\n\t\t\t\t\t<h1 class=\"elementor-heading-title elementor-size-default\">Euran El\u00e4inl\u00e4\u00e4k\u00e4ri<\/h1>\t\t\t\t<\/div>\n\t\t\t\t<div class=\"elementor-element elementor-element-3f4399cb elementor-widget elementor-widget-text-editor\" data-id=\"3f4399cb\" data-element_type=\"widget\" data-widget_type=\"text-editor.default\">\n\t\t\t\t\t\t\t\t\t<p>Eurantie 7, Eura<\/p><p>Ma-Pe klo. 8:00\u201317:00<\/p><p>Puh. 010 123 4567<\/p>\t\t\t\t\t\t\t\t<\/div>\n\t\t\t\t<\/div>\n\t\t<div class=\"elementor-element elementor-element-44f17ce0 e-con-full e-flex e-con e-child\" data-id=\"44f17ce0\" data-element_type=\"container\">\n\t\t\t\t<div class=\"elementor-element elementor-element-72c3b7d6 e-grid-align-right e-grid-align-mobile-center elementor-shape-rounded elementor-grid-0 elementor-widget elementor-widget-social-icons\" data-id=\"72c3b7d6\" data-element_type=\"widget\" data-widget_type=\"social-icons.default\">\n\t\t\t\t\t\t\t<div class=\"elementor-social-icons-wrapper elementor-grid\" role=\"list\">\n\t\t\t\t\t\t\t<span class=\"elementor-grid-item\" role=\"listitem\">\n\t\t\t\t\t<a class=\"elementor-icon elementor-social-icon elementor-social-icon-facebook elementor-repeater-item-39c13e6\" target=\"_blank\">\n\t\t\t\t\t\t<span class=\"elementor-screen-only\">Facebook<\/span>\n\t\t\t\t\t\t<svg aria-hidden=\"true\" class=\"e-font-icon-svg e-fab-facebook\" viewBox=\"0 0 512 512\" xmlns=\"http:\/\/www.w3.org\/2000\/svg\"><path d=\"M504 256C504 119 393 8 256 8S8 119 8 256c0 123.78 90.69 226.38 209.25 245V327.69h-63V256h63v-54.64c0-62.15 37-96.48 93.67-96.48 27.14 0 55.52 4.84 55.52 4.84v61h-31.28c-30.8 0-40.41 19.12-40.41 38.73V256h68.78l-11 71.69h-57.78V501C413.31 482.38 504 379.78 504 256z\"><\/path><\/svg>\t\t\t\t\t<\/a>\n\t\t\t\t<\/span>\n\t\t\t\t\t\t\t<span class=\"elementor-grid-item\" role=\"listitem\">\n\t\t\t\t\t<a class=\"elementor-icon elementor-social-icon elementor-social-icon-youtube elementor-repeater-item-84cf410\" target=\"_blank\">\n\t\t\t\t\t\t<span class=\"elementor-screen-only\">Youtube<\/span>\n\t\t\t\t\t\t<svg aria-hidden=\"true\" class=\"e-font-icon-svg e-fab-youtube\" viewBox=\"0 0 576 512\" xmlns=\"http:\/\/www.w3.org\/2000\/svg\"><path d=\"M549.655 124.083c-6.281-23.65-24.787-42.276-48.284-48.597C458.781 64 288 64 288 64S117.22 64 74.629 75.486c-23.497 6.322-42.003 24.947-48.284 48.597-11.412 42.867-11.412 132.305-11.412 132.305s0 89.438 11.412 132.305c6.281 23.65 24.787 41.5 48.284 47.821C117.22 448 288 448 288 448s170.78 0 213.371-11.486c23.497-6.321 42.003-24.171 48.284-47.821 11.412-42.867 11.412-132.305 11.412-132.305s0-89.438-11.412-132.305zm-317.51 213.508V175.185l142.739 81.205-142.739 81.201z\"><\/path><\/svg>\t\t\t\t\t<\/a>\n\t\t\t\t<\/span>\n\t\t\t\t\t<\/div>\n\t\t\t\t\t\t<\/div>\n\t\t\t\t<div class=\"elementor-element elementor-element-12d0a31e elementor-align-right elementor-mobile-align-center elementor-widget elementor-widget-button\" data-id=\"12d0a31e\" data-element_type=\"widget\" data-widget_type=\"button.default\">\n\t\t\t\t\t\t\t\t\t\t<a class=\"elementor-button elementor-button-link elementor-size-sm\" href=\"tel:%20+3580400000000\">\n\t\t\t\t\t\t<span class=\"elementor-button-content-wrapper\">\n\t\t\t\t\t\t\t\t\t<span class=\"elementor-button-text\">Soita meille!<\/span>\n\t\t\t\t\t<\/span>\n\t\t\t\t\t<\/a>\n\t\t\t\t\t\t\t\t<\/div>\n\t\t\t\t<\/div>\n\t\t\t\t\t<\/div>\n\t\t\t\t<\/div>\n\t\t\t\t<\/div>\n\t\t","protected":false},"excerpt":{"rendered":"<p>Euran El\u00e4inl\u00e4\u00e4k\u00e4ri Eurantie 7, Eura Ma-Pe klo. 8:00\u201317:00 Puh. 010 123 4567 Kuvat Euran El\u00e4inl\u00e4\u00e4k\u00e4ri Eurantie 7, Eura Ma-Pe klo. 8:00\u201317:00 Puh. 010 123 4567 Facebook Youtube Soita meille!<\/p>\n","protected":false},"author":1,"featured_media":0,"parent":0,"menu_order":0,"comment_status":"closed","ping_status":"closed","template":"elementor_canvas","meta":{"footnotes":""},"class_list":["post-353","page","type-page","status-publish","hentry"],"_links":{"self":[{"href":"https:\/\/vetecher.jamiserveri.fi\/index.php\/wp-json\/wp\/v2\/pages\/353","targetHints":{"allow":["GET"]}}],"collection":[{"href":"https:\/\/vetecher.jamiserveri.fi\/index.php\/wp-json\/wp\/v2\/pages"}],"about":[{"href":"https:\/\/vetecher.jamiserveri.fi\/index.php\/wp-json\/wp\/v2\/types\/page"}],"author":[{"embeddable":true,"href":"https:\/\/vetecher.jamiserveri.fi\/index.php\/wp-json\/wp\/v2\/users\/1"}],"replies":[{"embeddable":true,"href":"https:\/\/vetecher.jamiserveri.fi\/index.php\/wp-json\/wp\/v2\/comments?post=353"}],"version-history":[{"count":10,"href":"https:\/\/vetecher.jamiserveri.fi\/index.php\/wp-json\/wp\/v2\/pages\/353\/revisions"}],"predecessor-version":[{"id":422,"href":"https:\/\/vetecher.jamiserveri.fi\/index.php\/wp-json\/wp\/v2\/pages\/353\/revisions\/422"}],"wp:attachment":[{"href":"https:\/\/vetecher.jamiserveri.fi\/index.php\/wp-json\/wp\/v2\/media?parent=353"}],"curies":[{"name":"wp","href":"https:\/\/api.w.org\/{rel}","templated":true}]}}