{"id":30,"date":"2025-11-11T13:24:05","date_gmt":"2025-11-11T11:24:05","guid":{"rendered":"https:\/\/vetecher.jamiserveri.fi\/?page_id=30"},"modified":"2025-11-12T17:53:13","modified_gmt":"2025-11-12T15:53:13","slug":"fonttityypit-ja-fontit","status":"publish","type":"page","link":"https:\/\/vetecher.jamiserveri.fi\/index.php\/fonttityypit-ja-fontit\/","title":{"rendered":"Fonttityypit ja fontit"},"content":{"rendered":"\t\t<div data-elementor-type=\"wp-page\" data-elementor-id=\"30\" class=\"elementor elementor-30\" data-elementor-post-type=\"page\">\n\t\t\t\t<div class=\"elementor-element elementor-element-72ef9c0 e-flex e-con-boxed e-con e-parent\" data-id=\"72ef9c0\" data-element_type=\"container\">\n\t\t\t\t\t<div class=\"e-con-inner\">\n\t\t\t\t<div class=\"elementor-element elementor-element-4b112e3 elementor-widget elementor-widget-spacer\" data-id=\"4b112e3\" data-element_type=\"widget\" data-widget_type=\"spacer.default\">\n\t\t\t\t\t\t\t<div class=\"elementor-spacer\">\n\t\t\t<div class=\"elementor-spacer-inner\"><\/div>\n\t\t<\/div>\n\t\t\t\t\t\t<\/div>\n\t\t\t\t<div class=\"elementor-element elementor-element-d2e57ca elementor-widget elementor-widget-heading\" data-id=\"d2e57ca\" data-element_type=\"widget\" data-widget_type=\"heading.default\">\n\t\t\t\t\t<h2 class=\"elementor-heading-title elementor-size-default\">Sans-Serif eli p\u00e4\u00e4tteett\u00f6mi\u00e4 fontteja<\/h2>\t\t\t\t<\/div>\n\t\t\t\t<div class=\"elementor-element elementor-element-4e9522d elementor-widget elementor-widget-spacer\" data-id=\"4e9522d\" data-element_type=\"widget\" data-widget_type=\"spacer.default\">\n\t\t\t\t\t\t\t<div class=\"elementor-spacer\">\n\t\t\t<div class=\"elementor-spacer-inner\"><\/div>\n\t\t<\/div>\n\t\t\t\t\t\t<\/div>\n\t\t\t\t\t<\/div>\n\t\t\t\t<\/div>\n\t\t<div class=\"elementor-element elementor-element-1fdb791 e-flex e-con-boxed e-con e-parent\" data-id=\"1fdb791\" data-element_type=\"container\">\n\t\t\t\t\t<div class=\"e-con-inner\">\n\t\t<div class=\"elementor-element elementor-element-83cdd20 e-con-full e-flex e-con e-child\" data-id=\"83cdd20\" data-element_type=\"container\">\n\t\t\t\t<div class=\"elementor-element elementor-element-76c5d5f elementor-widget elementor-widget-heading\" data-id=\"76c5d5f\" data-element_type=\"widget\" data-widget_type=\"heading.default\">\n\t\t\t\t\t<h2 class=\"elementor-heading-title elementor-size-default\">Ledger<\/h2>\t\t\t\t<\/div>\n\t\t\t\t<\/div>\n\t\t\t\t<div class=\"elementor-element elementor-element-83f63e6 elementor-widget elementor-widget-text-editor\" data-id=\"83f63e6\" data-element_type=\"widget\" data-widget_type=\"text-editor.default\">\n\t\t\t\t\t\t\t\t\t<p>Lorem ipsum dolor sit amet, consectetur adipiscing elit.\u00a0<\/p>\t\t\t\t\t\t\t\t<\/div>\n\t\t\t\t<div class=\"elementor-element elementor-element-334f986 elementor-widget elementor-widget-text-editor\" data-id=\"334f986\" data-element_type=\"widget\" data-widget_type=\"text-editor.default\">\n\t\t\t\t\t\t\t\t\t<p>Lorem ipsum dolor sit amet, consectetur adipiscing elit.\u00a0<\/p>\t\t\t\t\t\t\t\t<\/div>\n\t\t\t\t<div class=\"elementor-element elementor-element-14857f8 elementor-widget elementor-widget-text-editor\" data-id=\"14857f8\" data-element_type=\"widget\" data-widget_type=\"text-editor.default\">\n\t\t\t\t\t\t\t\t\t<p>Lorem ipsum dolor sit amet, consectetur adipiscing elit.\u00a0<\/p>\t\t\t\t\t\t\t\t<\/div>\n\t\t\t\t<div class=\"elementor-element elementor-element-1ece0dc elementor-widget elementor-widget-spacer\" data-id=\"1ece0dc\" data-element_type=\"widget\" data-widget_type=\"spacer.default\">\n\t\t\t\t\t\t\t<div class=\"elementor-spacer\">\n\t\t\t<div class=\"elementor-spacer-inner\"><\/div>\n\t\t<\/div>\n\t\t\t\t\t\t<\/div>\n\t\t\t\t\t<\/div>\n\t\t\t\t<\/div>\n\t\t<div class=\"elementor-element elementor-element-f61d9af e-flex e-con-boxed e-con e-parent\" data-id=\"f61d9af\" data-element_type=\"container\">\n\t\t\t\t\t<div class=\"e-con-inner\">\n\t\t<div class=\"elementor-element elementor-element-2ebcf5e e-con-full e-flex e-con e-child\" data-id=\"2ebcf5e\" data-element_type=\"container\">\n\t\t\t\t<div class=\"elementor-element elementor-element-c65a9e3 elementor-widget elementor-widget-heading\" data-id=\"c65a9e3\" data-element_type=\"widget\" data-widget_type=\"heading.default\">\n\t\t\t\t\t<h2 class=\"elementor-heading-title elementor-size-default\">Arial<\/h2>\t\t\t\t<\/div>\n\t\t\t\t<\/div>\n\t\t\t\t<div class=\"elementor-element elementor-element-c3e1a65 elementor-widget elementor-widget-text-editor\" data-id=\"c3e1a65\" data-element_type=\"widget\" data-widget_type=\"text-editor.default\">\n\t\t\t\t\t\t\t\t\t<p>Lorem ipsum dolor sit amet, consectetur adipiscing elit.\u00a0<\/p>\t\t\t\t\t\t\t\t<\/div>\n\t\t\t\t<div class=\"elementor-element elementor-element-ad2c8b5 elementor-widget elementor-widget-text-editor\" data-id=\"ad2c8b5\" data-element_type=\"widget\" data-widget_type=\"text-editor.default\">\n\t\t\t\t\t\t\t\t\t<p>Lorem ipsum dolor sit amet, consectetur adipiscing elit.\u00a0<\/p>\t\t\t\t\t\t\t\t<\/div>\n\t\t\t\t<div class=\"elementor-element elementor-element-a981518 elementor-widget elementor-widget-text-editor\" data-id=\"a981518\" data-element_type=\"widget\" data-widget_type=\"text-editor.default\">\n\t\t\t\t\t\t\t\t\t<p>Lorem ipsum dolor sit amet, consectetur adipiscing elit.\u00a0<\/p>\t\t\t\t\t\t\t\t<\/div>\n\t\t\t\t<div class=\"elementor-element elementor-element-0d68ab2 elementor-widget elementor-widget-spacer\" data-id=\"0d68ab2\" data-element_type=\"widget\" data-widget_type=\"spacer.default\">\n\t\t\t\t\t\t\t<div class=\"elementor-spacer\">\n\t\t\t<div class=\"elementor-spacer-inner\"><\/div>\n\t\t<\/div>\n\t\t\t\t\t\t<\/div>\n\t\t\t\t\t<\/div>\n\t\t\t\t<\/div>\n\t\t<div class=\"elementor-element elementor-element-8696a08 e-flex e-con-boxed e-con e-parent\" data-id=\"8696a08\" data-element_type=\"container\">\n\t\t\t\t\t<div class=\"e-con-inner\">\n\t\t<div class=\"elementor-element elementor-element-9bc493b e-con-full e-flex e-con e-child\" data-id=\"9bc493b\" data-element_type=\"container\">\n\t\t\t\t<div class=\"elementor-element elementor-element-e04caff elementor-widget elementor-widget-heading\" data-id=\"e04caff\" data-element_type=\"widget\" data-widget_type=\"heading.default\">\n\t\t\t\t\t<h2 class=\"elementor-heading-title elementor-size-default\">Tahoma<\/h2>\t\t\t\t<\/div>\n\t\t\t\t<\/div>\n\t\t\t\t<div class=\"elementor-element elementor-element-0b29ace elementor-widget elementor-widget-text-editor\" data-id=\"0b29ace\" data-element_type=\"widget\" data-widget_type=\"text-editor.default\">\n\t\t\t\t\t\t\t\t\t<p>Lorem ipsum dolor sit amet, consectetur adipiscing elit.\u00a0<\/p>\t\t\t\t\t\t\t\t<\/div>\n\t\t\t\t<div class=\"elementor-element elementor-element-9c3b96e elementor-widget elementor-widget-text-editor\" data-id=\"9c3b96e\" data-element_type=\"widget\" data-widget_type=\"text-editor.default\">\n\t\t\t\t\t\t\t\t\t<p>Lorem ipsum dolor sit amet, consectetur adipiscing elit.\u00a0<\/p>\t\t\t\t\t\t\t\t<\/div>\n\t\t\t\t<div class=\"elementor-element elementor-element-981aa61 elementor-widget elementor-widget-text-editor\" data-id=\"981aa61\" data-element_type=\"widget\" data-widget_type=\"text-editor.default\">\n\t\t\t\t\t\t\t\t\t<p>Lorem ipsum dolor sit amet, consectetur adipiscing elit.\u00a0<\/p>\t\t\t\t\t\t\t\t<\/div>\n\t\t\t\t\t<\/div>\n\t\t\t\t<\/div>\n\t\t<div class=\"elementor-element elementor-element-f918cee e-flex e-con-boxed e-con e-parent\" data-id=\"f918cee\" data-element_type=\"container\">\n\t\t\t\t\t<div class=\"e-con-inner\">\n\t\t\t\t<div class=\"elementor-element elementor-element-d0d659f elementor-widget elementor-widget-spacer\" data-id=\"d0d659f\" data-element_type=\"widget\" data-widget_type=\"spacer.default\">\n\t\t\t\t\t\t\t<div class=\"elementor-spacer\">\n\t\t\t<div class=\"elementor-spacer-inner\"><\/div>\n\t\t<\/div>\n\t\t\t\t\t\t<\/div>\n\t\t\t\t<div class=\"elementor-element elementor-element-1eff326 elementor-widget elementor-widget-heading\" data-id=\"1eff326\" data-element_type=\"widget\" data-widget_type=\"heading.default\">\n\t\t\t\t\t<h2 class=\"elementor-heading-title elementor-size-default\">Serif eli p\u00e4\u00e4ttellisi\u00e4 fontteja<\/h2>\t\t\t\t<\/div>\n\t\t\t\t<div class=\"elementor-element elementor-element-b1ede6f elementor-widget elementor-widget-spacer\" data-id=\"b1ede6f\" data-element_type=\"widget\" data-widget_type=\"spacer.default\">\n\t\t\t\t\t\t\t<div class=\"elementor-spacer\">\n\t\t\t<div class=\"elementor-spacer-inner\"><\/div>\n\t\t<\/div>\n\t\t\t\t\t\t<\/div>\n\t\t\t\t\t<\/div>\n\t\t\t\t<\/div>\n\t\t<div class=\"elementor-element elementor-element-965de67 e-flex e-con-boxed e-con e-parent\" data-id=\"965de67\" data-element_type=\"container\">\n\t\t\t\t\t<div class=\"e-con-inner\">\n\t\t<div class=\"elementor-element elementor-element-25fc7db e-con-full e-flex e-con e-child\" data-id=\"25fc7db\" data-element_type=\"container\">\n\t\t\t\t<div class=\"elementor-element elementor-element-491145f elementor-widget elementor-widget-heading\" data-id=\"491145f\" data-element_type=\"widget\" data-widget_type=\"heading.default\">\n\t\t\t\t\t<h2 class=\"elementor-heading-title elementor-size-default\">Helvetica<\/h2>\t\t\t\t<\/div>\n\t\t\t\t<\/div>\n\t\t\t\t<div class=\"elementor-element elementor-element-9b2a45e elementor-widget elementor-widget-text-editor\" data-id=\"9b2a45e\" data-element_type=\"widget\" data-widget_type=\"text-editor.default\">\n\t\t\t\t\t\t\t\t\t<p>Lorem ipsum dolor sit amet, consectetur adipiscing elit.\u00a0<\/p>\t\t\t\t\t\t\t\t<\/div>\n\t\t\t\t<div class=\"elementor-element elementor-element-3b42e5d elementor-widget elementor-widget-text-editor\" data-id=\"3b42e5d\" data-element_type=\"widget\" data-widget_type=\"text-editor.default\">\n\t\t\t\t\t\t\t\t\t<p>Lorem ipsum dolor sit amet, consectetur adipiscing elit.\u00a0<\/p>\t\t\t\t\t\t\t\t<\/div>\n\t\t\t\t<div class=\"elementor-element elementor-element-9ee2aa7 elementor-widget elementor-widget-text-editor\" data-id=\"9ee2aa7\" data-element_type=\"widget\" data-widget_type=\"text-editor.default\">\n\t\t\t\t\t\t\t\t\t<p>Lorem ipsum dolor sit amet, consectetur adipiscing elit.\u00a0<\/p>\t\t\t\t\t\t\t\t<\/div>\n\t\t\t\t\t<\/div>\n\t\t\t\t<\/div>\n\t\t<div class=\"elementor-element elementor-element-8dac816 e-flex e-con-boxed e-con e-parent\" data-id=\"8dac816\" data-element_type=\"container\">\n\t\t\t\t\t<div class=\"e-con-inner\">\n\t\t<div class=\"elementor-element elementor-element-eb2441a e-con-full e-flex e-con e-child\" data-id=\"eb2441a\" data-element_type=\"container\">\n\t\t\t\t<div class=\"elementor-element elementor-element-db48737 elementor-widget elementor-widget-heading\" data-id=\"db48737\" data-element_type=\"widget\" data-widget_type=\"heading.default\">\n\t\t\t\t\t<h2 class=\"elementor-heading-title elementor-size-default\">Georgia<\/h2>\t\t\t\t<\/div>\n\t\t\t\t<\/div>\n\t\t\t\t<div class=\"elementor-element elementor-element-b102fd0 elementor-widget elementor-widget-text-editor\" data-id=\"b102fd0\" data-element_type=\"widget\" data-widget_type=\"text-editor.default\">\n\t\t\t\t\t\t\t\t\t<p>Lorem ipsum dolor sit amet, consectetur adipiscing elit.\u00a0<\/p>\t\t\t\t\t\t\t\t<\/div>\n\t\t\t\t<div class=\"elementor-element elementor-element-86762fd elementor-widget elementor-widget-text-editor\" data-id=\"86762fd\" data-element_type=\"widget\" data-widget_type=\"text-editor.default\">\n\t\t\t\t\t\t\t\t\t<p>Lorem ipsum dolor sit amet, consectetur adipiscing elit.\u00a0<\/p>\t\t\t\t\t\t\t\t<\/div>\n\t\t\t\t<div class=\"elementor-element elementor-element-fd581f9 elementor-widget elementor-widget-text-editor\" data-id=\"fd581f9\" data-element_type=\"widget\" data-widget_type=\"text-editor.default\">\n\t\t\t\t\t\t\t\t\t<p>Lorem ipsum dolor sit amet, consectetur adipiscing elit.\u00a0<\/p>\t\t\t\t\t\t\t\t<\/div>\n\t\t\t\t\t<\/div>\n\t\t\t\t<\/div>\n\t\t<div class=\"elementor-element elementor-element-5f3b385 e-flex e-con-boxed e-con e-parent\" data-id=\"5f3b385\" data-element_type=\"container\">\n\t\t\t\t\t<div class=\"e-con-inner\">\n\t\t<div class=\"elementor-element elementor-element-d2d6ba8 e-con-full e-flex e-con e-child\" data-id=\"d2d6ba8\" data-element_type=\"container\">\n\t\t\t\t<div class=\"elementor-element elementor-element-8d22720 elementor-widget elementor-widget-heading\" data-id=\"8d22720\" data-element_type=\"widget\" data-widget_type=\"heading.default\">\n\t\t\t\t\t<h2 class=\"elementor-heading-title elementor-size-default\">ABeeZee<\/h2>\t\t\t\t<\/div>\n\t\t\t\t<\/div>\n\t\t\t\t<div class=\"elementor-element elementor-element-d3c4db1 elementor-widget elementor-widget-text-editor\" data-id=\"d3c4db1\" data-element_type=\"widget\" data-widget_type=\"text-editor.default\">\n\t\t\t\t\t\t\t\t\t<p>Lorem ipsum dolor sit amet, consectetur adipiscing elit.\u00a0<\/p>\t\t\t\t\t\t\t\t<\/div>\n\t\t\t\t<div class=\"elementor-element elementor-element-236b80f elementor-widget elementor-widget-text-editor\" data-id=\"236b80f\" data-element_type=\"widget\" data-widget_type=\"text-editor.default\">\n\t\t\t\t\t\t\t\t\t<p>Lorem ipsum dolor sit amet, consectetur adipiscing elit.\u00a0<\/p>\t\t\t\t\t\t\t\t<\/div>\n\t\t\t\t<div class=\"elementor-element elementor-element-d002864 elementor-widget elementor-widget-text-editor\" data-id=\"d002864\" data-element_type=\"widget\" data-widget_type=\"text-editor.default\">\n\t\t\t\t\t\t\t\t\t<p>Lorem ipsum dolor sit amet, consectetur adipiscing elit.\u00a0<\/p>\t\t\t\t\t\t\t\t<\/div>\n\t\t\t\t\t<\/div>\n\t\t\t\t<\/div>\n\t\t\t\t<\/div>\n\t\t","protected":false},"excerpt":{"rendered":"<p>Sans-Serif eli p\u00e4\u00e4tteett\u00f6mi\u00e4 fontteja Ledger Lorem ipsum dolor sit amet, consectetur adipiscing elit.\u00a0 Lorem ipsum dolor sit amet, consectetur adipiscing elit.\u00a0 Lorem ipsum dolor sit amet, consectetur adipiscing elit.\u00a0 Arial Lorem ipsum dolor sit amet, consectetur adipiscing elit.\u00a0 Lorem ipsum dolor sit amet, consectetur adipiscing elit.\u00a0 Lorem ipsum dolor sit amet, consectetur adipiscing elit.\u00a0 Tahoma [&hellip;]<\/p>\n","protected":false},"author":1,"featured_media":0,"parent":0,"menu_order":0,"comment_status":"closed","ping_status":"closed","template":"elementor_canvas","meta":{"footnotes":""},"class_list":["post-30","page","type-page","status-publish","hentry"],"_links":{"self":[{"href":"https:\/\/vetecher.jamiserveri.fi\/index.php\/wp-json\/wp\/v2\/pages\/30","targetHints":{"allow":["GET"]}}],"collection":[{"href":"https:\/\/vetecher.jamiserveri.fi\/index.php\/wp-json\/wp\/v2\/pages"}],"about":[{"href":"https:\/\/vetecher.jamiserveri.fi\/index.php\/wp-json\/wp\/v2\/types\/page"}],"author":[{"embeddable":true,"href":"https:\/\/vetecher.jamiserveri.fi\/index.php\/wp-json\/wp\/v2\/users\/1"}],"replies":[{"embeddable":true,"href":"https:\/\/vetecher.jamiserveri.fi\/index.php\/wp-json\/wp\/v2\/comments?post=30"}],"version-history":[{"count":22,"href":"https:\/\/vetecher.jamiserveri.fi\/index.php\/wp-json\/wp\/v2\/pages\/30\/revisions"}],"predecessor-version":[{"id":193,"href":"https:\/\/vetecher.jamiserveri.fi\/index.php\/wp-json\/wp\/v2\/pages\/30\/revisions\/193"}],"wp:attachment":[{"href":"https:\/\/vetecher.jamiserveri.fi\/index.php\/wp-json\/wp\/v2\/media?parent=30"}],"curies":[{"name":"wp","href":"https:\/\/api.w.org\/{rel}","templated":true}]}}